{"id":30,"date":"2020-09-28T20:01:00","date_gmt":"2020-09-28T20:01:00","guid":{"rendered":"http:\/\/foxenresort.de\/?page_id=30"},"modified":"2026-01-09T11:46:41","modified_gmt":"2026-01-09T11:46:41","slug":"startseite-foxen-resort","status":"publish","type":"page","link":"https:\/\/foxenresort.de\/en\/","title":{"rendered":"Homepage Foxen Resort"},"content":{"rendered":"<div id=\"pl-gb30-6a07a45eee635\"  class=\"panel-layout wp-block-siteorigin-panels-layout-block\" ><div id=\"pg-gb30-6a07a45eee635-0\"  class=\"panel-grid panel-no-style\" ><div id=\"pgc-gb30-6a07a45eee635-0-0\"  class=\"panel-grid-cell\" ><div id=\"panel-gb30-6a07a45eee635-0-0-0\" class=\"so-panel widget widget_siteorigin-panels-builder panel-first-child panel-last-child\" data-index=\"0\" ><div class=\"panel-widget-style panel-widget-style-for-gb30-6a07a45eee635-0-0-0\" ><div id=\"pl-w6960ea9e10635\"  class=\"panel-layout wp-block-siteorigin-panels-layout-block\" ><div id=\"pg-w6960ea9e10635-0\"  class=\"panel-grid panel-no-style\" ><div id=\"pgc-w6960ea9e10635-0-0\"  class=\"panel-grid-cell\" ><div id=\"panel-w6960ea9e10635-0-0-0\" class=\"so-panel widget widget_sow-editor panel-first-child panel-last-child\" data-index=\"0\" ><div class=\"panel-widget-style panel-widget-style-for-w6960ea9e10635-0-0-0\" ><div\n\t\t\t\n\t\t\tclass=\"so-widget-sow-editor so-widget-sow-editor-base\"\n\t\t\t\n\t\t>\n<div class=\"siteorigin-widget-tinymce textwidget\">\n\t<p><img loading=\"lazy\" decoding=\"async\" class=\"wp-image-366 aligncenter\" src=\"https:\/\/foxenresort.de\/wp-content\/uploads\/2020\/09\/Text-Ferienhaus-Foxen-Resort-Schweden-Angeln-Foxenresort-Angeln-in-Schweden-Naturreise-300x94.png\" alt=\"\" width=\"472\" height=\"148\" srcset=\"https:\/\/foxenresort.de\/wp-content\/uploads\/2020\/09\/Text-Ferienhaus-Foxen-Resort-Schweden-Angeln-Foxenresort-Angeln-in-Schweden-Naturreise-300x94.png 300w, https:\/\/foxenresort.de\/wp-content\/uploads\/2020\/09\/Text-Ferienhaus-Foxen-Resort-Schweden-Angeln-Foxenresort-Angeln-in-Schweden-Naturreise-1024x320.png 1024w, https:\/\/foxenresort.de\/wp-content\/uploads\/2020\/09\/Text-Ferienhaus-Foxen-Resort-Schweden-Angeln-Foxenresort-Angeln-in-Schweden-Naturreise-768x240.png 768w, https:\/\/foxenresort.de\/wp-content\/uploads\/2020\/09\/Text-Ferienhaus-Foxen-Resort-Schweden-Angeln-Foxenresort-Angeln-in-Schweden-Naturreise-1536x480.png 1536w, https:\/\/foxenresort.de\/wp-content\/uploads\/2020\/09\/Text-Ferienhaus-Foxen-Resort-Schweden-Angeln-Foxenresort-Angeln-in-Schweden-Naturreise.png 1920w\" sizes=\"auto, (max-width: 472px) 100vw, 472px\" title=\"\"><\/p>\n<\/div>\n<\/div><\/div><\/div><\/div><\/div><div id=\"pg-w6960ea9e10635-1\"  class=\"panel-grid panel-no-style\" ><div id=\"pgc-w6960ea9e10635-1-0\"  class=\"panel-grid-cell panel-grid-cell-empty\" ><\/div><div id=\"pgc-w6960ea9e10635-1-1\"  class=\"panel-grid-cell panel-grid-cell-empty\" ><\/div><div id=\"pgc-w6960ea9e10635-1-2\"  class=\"panel-grid-cell\" ><div id=\"panel-w6960ea9e10635-1-2-0\" class=\"so-panel widget widget_sow-button panel-first-child panel-last-child\" data-index=\"1\" ><div class=\"panel-widget-style panel-widget-style-for-w6960ea9e10635-1-2-0\" ><div\n\t\t\t\n\t\t\tclass=\"so-widget-sow-button so-widget-sow-button-atom-9cc839b26dd8\"\n\t\t\t\n\t\t><div class=\"ow-button-base ow-button-align-center\"\n>\n\t\t\t<a\n\t\t\t\t\thref=\"https:\/\/foxenresort.de\/en\/unsere-ferienhaeuser\/\"\n\t\t\t\t\tclass=\"sowb-button ow-icon-placement-left ow-button-hover\" \t>\n\t\t<span>\n\t\t\t\n\t\t\tOur vacation homes\t\t<\/span>\n\t\t\t<\/a>\n\t<\/div>\n<\/div><\/div><\/div><\/div><div id=\"pgc-w6960ea9e10635-1-3\"  class=\"panel-grid-cell\" ><div id=\"panel-w6960ea9e10635-1-3-0\" class=\"so-panel widget widget_sow-button panel-first-child panel-last-child\" data-index=\"2\" ><div class=\"panel-widget-style panel-widget-style-for-w6960ea9e10635-1-3-0\" ><div\n\t\t\t\n\t\t\tclass=\"so-widget-sow-button so-widget-sow-button-atom-8830d12d43e3\"\n\t\t\t\n\t\t><div class=\"ow-button-base ow-button-align-center\"\n>\n\t\t\t<a\n\t\t\t\t\thref=\"https:\/\/foxenresort.de\/en\/aktivitaeten\/\"\n\t\t\t\t\tclass=\"sowb-button ow-icon-placement-left ow-button-hover\" \t>\n\t\t<span>\n\t\t\t\n\t\t\tActivities\t\t<\/span>\n\t\t\t<\/a>\n\t<\/div>\n<\/div><\/div><\/div><\/div><div id=\"pgc-w6960ea9e10635-1-4\"  class=\"panel-grid-cell panel-grid-cell-empty panel-grid-cell-mobile-last\" ><\/div><div id=\"pgc-w6960ea9e10635-1-5\"  class=\"panel-grid-cell panel-grid-cell-empty\" ><\/div><\/div><div id=\"pg-w6960ea9e10635-2\"  class=\"panel-grid panel-no-style\" ><div id=\"pgc-w6960ea9e10635-2-0\"  class=\"panel-grid-cell panel-grid-cell-empty\" ><\/div><div id=\"pgc-w6960ea9e10635-2-1\"  class=\"panel-grid-cell panel-grid-cell-empty\" ><\/div><div id=\"pgc-w6960ea9e10635-2-2\"  class=\"panel-grid-cell\" ><div id=\"panel-w6960ea9e10635-2-2-0\" class=\"so-panel widget widget_sow-button panel-first-child panel-last-child\" data-index=\"3\" ><div class=\"panel-widget-style panel-widget-style-for-w6960ea9e10635-2-2-0\" ><div\n\t\t\t\n\t\t\tclass=\"so-widget-sow-button so-widget-sow-button-atom-0e36e83a3e0d\"\n\t\t\t\n\t\t><div class=\"ow-button-base ow-button-align-center\"\n>\n\t\t\t<a\n\t\t\t\t\thref=\"https:\/\/foxenresort.de\/en\/covid-19\/\"\n\t\t\t\t\tclass=\"sowb-button ow-icon-placement-left ow-button-hover\" \t>\n\t\t<span>\n\t\t\t\n\t\t\tAchtung Hinweis zu betr\u00fcgerischen Websiten, die unsere H\u00e4user betrugsm\u00e4\u00dfig anbieten!\t\t<\/span>\n\t\t\t<\/a>\n\t<\/div>\n<\/div><\/div><\/div><\/div><div id=\"pgc-w6960ea9e10635-2-3\"  class=\"panel-grid-cell panel-grid-cell-empty panel-grid-cell-mobile-last\" ><\/div><div id=\"pgc-w6960ea9e10635-2-4\"  class=\"panel-grid-cell panel-grid-cell-empty\" ><\/div><\/div><div id=\"pg-w6960ea9e10635-3\"  class=\"panel-grid panel-no-style\" ><div id=\"pgc-w6960ea9e10635-3-0\"  class=\"panel-grid-cell\" ><div id=\"panel-w6960ea9e10635-3-0-0\" class=\"so-panel widget widget_sow-editor panel-first-child panel-last-child\" data-index=\"4\" ><div class=\"panel-widget-style panel-widget-style-for-w6960ea9e10635-3-0-0\" ><div\n\t\t\t\n\t\t\tclass=\"so-widget-sow-editor so-widget-sow-editor-base\"\n\t\t\t\n\t\t>\n<div class=\"siteorigin-widget-tinymce textwidget\">\n\t<\/div>\n<\/div><\/div><\/div><\/div><\/div><\/div><\/div><\/div><\/div><\/div><div id=\"pg-gb30-6a07a45eee635-1\"  class=\"panel-grid panel-no-style\" ><div id=\"pgc-gb30-6a07a45eee635-1-0\"  class=\"panel-grid-cell panel-grid-cell-empty panel-grid-cell-mobile-last\" ><\/div><div id=\"pgc-gb30-6a07a45eee635-1-1\"  class=\"panel-grid-cell panel-grid-cell-empty\" ><\/div><\/div><\/div>\n\n\n<p>Das Foxen Resort besteht aus 3 Ferienh\u00e4usern, die in sch\u00f6nster Lage am See Foxen in Schweden liegen. Vom Ferienhaus erreichen sie schnell das zu jedem Haus geh\u00f6rende Motorboot. Gehen Sie hiermit Angeln (Hecht und Barsch (oft von kapitaler Gr\u00f6\u00dfe) sind die h\u00e4ufigsten Raubfische in diesem Traumgew\u00e4sser) oder erkunden sie die atemberaubende Natur Schwedens vom Wasser aus. Ideal f\u00fcr Naturliebhaber, Angler oder G\u00e4ste, die eine Ferienunterkunft f\u00fcr Ruhe und Entspannung in Alleinlage umgeben von Natur suchen. Es gibt aber auch viele andere Aktivit\u00e4ten wie Wandern, Baden und vieles mehr, was sie von diesen Ferienh\u00e4usern in der wundersch\u00f6nen schwedischen Gegend V\u00e4rmland unternehmen k\u00f6nnen. Infos hierzu finden Sie unter dem Punkt Aktivit\u00e4ten auf unserer Website.<\/p>\n\n\n\n<p><\/p>\n\n\n\n<h6 class=\"wp-block-heading\">The Foxen Resort introduces itself<\/h6>\n\n\n\n<p>Our small company is family run and impresses with its loving care of the vacation homes and vacation guests. On our website you will also find a lot of information about the respective area and activities, which we can especially recommend to make your vacation an unforgettable experience. If you have any questions, please let us know. We look forward to hearing from you.<\/p>\n\n\n\n<div style=\"height:21px\" aria-hidden=\"true\" class=\"wp-block-spacer\"><\/div>\n\n\n\n<figure class=\"wp-block-embed is-type-video is-provider-youtube wp-block-embed-youtube wp-embed-aspect-16-9 wp-has-aspect-ratio\"><div class=\"wp-block-embed__wrapper\">\n<iframe loading=\"lazy\" title=\"Foxen Resort - Ferienhaus Foxen - Schweden\" width=\"720\" height=\"405\" src=\"https:\/\/www.youtube.com\/embed\/MzC-IWHweR8?feature=oembed\" frameborder=\"0\" allow=\"accelerometer; autoplay; clipboard-write; encrypted-media; gyroscope; picture-in-picture; web-share\" referrerpolicy=\"strict-origin-when-cross-origin\" allowfullscreen><\/iframe>\n<\/div><\/figure>\n\n\n\n<div style=\"height:32px\" aria-hidden=\"true\" class=\"wp-block-spacer\"><\/div>\n\n\n\n<blockquote class=\"wp-block-quote is-style-default is-layout-flow wp-block-quote-is-layout-flow\">\n<p><strong>Kanada Feeling in Europe<\/strong><\/p>\n<\/blockquote>\n\n\n\n<blockquote class=\"wp-block-quote is-style-default is-layout-flow wp-block-quote-is-layout-flow\">\n<p><strong>Vacation house Foxen - nature vacation, fishing, relaxation in a vacation house at the lake<\/strong><\/p>\n<\/blockquote>\n\n\n\n<div style=\"height:20px\" aria-hidden=\"true\" class=\"wp-block-spacer\"><\/div>\n\n\n\n<h4 class=\"wp-block-heading\">Our 4 vacation homes in Sweden at the lake Foxen<\/h4>\n\n\n\n<div style=\"width: 90%;\">\n\n<div class=\"leaflet-map WPLeafletMap\" style=\"height:250px; width:100%;\"><\/div><script>\nwindow.WPLeafletMapPlugin = window.WPLeafletMapPlugin || [];\nwindow.WPLeafletMapPlugin.push(function WPLeafletMapShortcode() {\/*<script>*\/\nvar baseUrl = atob('aHR0cHM6Ly90aWxlLm9wZW5zdHJlZXRtYXAub3JnL3t6fS97eH0ve3l9LnBuZw==');\nvar base = (!baseUrl && window.MQ) ?\n    window.MQ.mapLayer() : L.tileLayer(baseUrl,\n        L.Util.extend({}, {\n            detectRetina: 0,\n        },\n        {\"subdomains\":\"abc\",\"noWrap\":false,\"maxZoom\":19}        )\n    );\n    var options = L.Util.extend({}, {\n        layers: [base],\n        attributionControl: false\n    },\n    {\"zoomControl\":true,\"scrollWheelZoom\":true,\"doubleClickZoom\":false,\"fitBounds\":false,\"minZoom\":0,\"maxZoom\":19,\"maxBounds\":null,\"attribution\":\"<a href=\\\"http:\\\/\\\/leafletjs.com\\\" title=\\\"A JS library for interactive maps\\\">Leaflet<\\\/a>; \\u00a9 <a href=\\\"http:\\\/\\\/www.openstreetmap.org\\\/copyright\\\">OpenStreetMap<\\\/a> contributors\"},\n    {});\nwindow.WPLeafletMapPlugin.createMap(options).setView([59.38139720307,11.907920253456],15);});<\/script>\n\n<script>\nwindow.WPLeafletMapPlugin = window.WPLeafletMapPlugin || [];\nwindow.WPLeafletMapPlugin.push(function WPLeafletMarkerShortcode() {\/*<script>*\/\nvar map = window.WPLeafletMapPlugin.getCurrentMap();\nvar group = window.WPLeafletMapPlugin.getCurrentGroup();\nvar marker_options = window.WPLeafletMapPlugin.getIconOptions({});\nvar marker = L.marker(\n    [59.382447134426,11.90827733236],\n    marker_options\n);\nvar is_image = map.is_image_map;\nif (marker_options.draggable) {\n    marker.on('dragend', function () {\n        var latlng = this.getLatLng();\n        var lat = latlng.lat;\n        var lng = latlng.lng;\n        if (is_image) {\n            console.log('leaflet-marker y=' + lat + ' x=' + lng);\n        } else {\n            console.log('leaflet-marker lat=' + lat + ' lng=' + lng);\n        }\n    });\n}\nmarker.addTo( group );\nmarker.bindPopup(window.WPLeafletMapPlugin.unescape('&lt;br&gt;Ferienhaus Noln\u00e4set steht momentan nicht zur Vermietung &lt;a href=\\&quot;https:\/\/foxenresort.de\/ferienhaus-nolnaeset\\&quot;&gt;Ferienhaus Noln\u00e4set&lt;\/a&gt; '));window.WPLeafletMapPlugin.markers.push( marker );\n        });<\/script>\n<script>\nwindow.WPLeafletMapPlugin = window.WPLeafletMapPlugin || [];\nwindow.WPLeafletMapPlugin.push(function WPLeafletMarkerShortcode() {\/*<script>*\/\nvar map = window.WPLeafletMapPlugin.getCurrentMap();\nvar group = window.WPLeafletMapPlugin.getCurrentGroup();\nvar marker_options = window.WPLeafletMapPlugin.getIconOptions({});\nvar marker = L.marker(\n    [59.380348797213,11.908386068329],\n    marker_options\n);\nvar is_image = map.is_image_map;\nif (marker_options.draggable) {\n    marker.on('dragend', function () {\n        var latlng = this.getLatLng();\n        var lat = latlng.lat;\n        var lng = latlng.lng;\n        if (is_image) {\n            console.log('leaflet-marker y=' + lat + ' x=' + lng);\n        } else {\n            console.log('leaflet-marker lat=' + lat + ' lng=' + lng);\n        }\n    });\n}\nmarker.addTo( group );\nmarker.bindPopup(window.WPLeafletMapPlugin.unescape('&lt;br&gt;Ferienhaus G\u00e4dda &lt;a href=\\&quot;https:\/\/foxenresort.de\/gaedda\/\\&quot;&gt;Ferienhaus G\u00e4dda&lt;\/a&gt; '));window.WPLeafletMapPlugin.markers.push( marker );\n        });<\/script>\n<script>\nwindow.WPLeafletMapPlugin = window.WPLeafletMapPlugin || [];\nwindow.WPLeafletMapPlugin.push(function WPLeafletMarkerShortcode() {\/*<script>*\/\nvar map = window.WPLeafletMapPlugin.getCurrentMap();\nvar group = window.WPLeafletMapPlugin.getCurrentGroup();\nvar marker_options = window.WPLeafletMapPlugin.getIconOptions({});\nvar marker = L.marker(\n    [59.379474451718,11.909952236574],\n    marker_options\n);\nvar is_image = map.is_image_map;\nif (marker_options.draggable) {\n    marker.on('dragend', function () {\n        var latlng = this.getLatLng();\n        var lat = latlng.lat;\n        var lng = latlng.lng;\n        if (is_image) {\n            console.log('leaflet-marker y=' + lat + ' x=' + lng);\n        } else {\n            console.log('leaflet-marker lat=' + lat + ' lng=' + lng);\n        }\n    });\n}\nmarker.addTo( group );\nmarker.bindPopup(window.WPLeafletMapPlugin.unescape('&lt;br&gt;Ferienhaus Abborre &lt;a href=\\&quot;https:\/\/foxenresort.de\/ferienhaus-abborre\/\\&quot;&gt;Ferienhaus Abborre&lt;\/a&gt; '));window.WPLeafletMapPlugin.markers.push( marker );\n        });<\/script>\n<script>\nwindow.WPLeafletMapPlugin = window.WPLeafletMapPlugin || [];\nwindow.WPLeafletMapPlugin.push(function WPLeafletMarkerShortcode() {\/*<script>*\/\nvar map = window.WPLeafletMapPlugin.getCurrentMap();\nvar group = window.WPLeafletMapPlugin.getCurrentGroup();\nvar marker_options = window.WPLeafletMapPlugin.getIconOptions({});\nvar marker = L.marker(\n    [59.38139720307,11.907920253456],\n    marker_options\n);\nvar is_image = map.is_image_map;\nif (marker_options.draggable) {\n    marker.on('dragend', function () {\n        var latlng = this.getLatLng();\n        var lat = latlng.lat;\n        var lng = latlng.lng;\n        if (is_image) {\n            console.log('leaflet-marker y=' + lat + ' x=' + lng);\n        } else {\n            console.log('leaflet-marker lat=' + lat + ' lng=' + lng);\n        }\n    });\n}\nmarker.addTo( group );\nmarker.bindPopup(window.WPLeafletMapPlugin.unescape('&lt;br&gt;Ferienhaus G\u00f6s &lt;a href=\\&quot;https:\/\/foxenresort.de\/ferienhaus-goes\/\/\\&quot;&gt;Ferienhaus G\u00f6s&lt;\/a&gt; '));window.WPLeafletMapPlugin.markers.push( marker );\n        });<\/script>\n<\/div>\n\n\n\n<div style=\"height:20px\" aria-hidden=\"true\" class=\"wp-block-spacer\"><\/div>\n\n\n\n<div style=\"height:20px\" aria-hidden=\"true\" class=\"wp-block-spacer\"><\/div>\n\n\n<div id=\"pl-gb30-6a07a45ef26f6\"  class=\"panel-layout wp-block-siteorigin-panels-layout-block\" ><div id=\"pg-gb30-6a07a45ef26f6-0\"  class=\"panel-grid panel-no-style\" ><div id=\"pgc-gb30-6a07a45ef26f6-0-0\"  class=\"panel-grid-cell panel-grid-cell-mobile-last\" ><div id=\"panel-gb30-6a07a45ef26f6-0-0-0\" class=\"so-panel widget widget_lsi_widget panel-first-child panel-last-child\" data-index=\"0\" ><h3 class=\"widget-title\">Follow us on Instagram &amp; YouTube<\/h3><ul class=\"lsi-social-icons icon-set-widget-0-0-0\" style=\"text-align: left\"><li class=\"lsi-social-instagram\"><a class=\"\" rel=\"nofollow noopener noreferrer\" title=\"Instagram\" aria-label=\"Instagram\" href=\"https:\/\/instagram.com\/foxenresort?igshid=qk7qw2hsoyq9\" target=\"_blank\"><i class=\"lsicon lsicon-instagram\"><\/i><\/a><\/li><li class=\"lsi-social-youtube\"><a class=\"\" rel=\"nofollow noopener noreferrer\" title=\"YouTube\" aria-label=\"YouTube\" href=\"https:\/\/youtu.be\/MzC-IWHweR8\" target=\"_blank\"><i class=\"lsicon lsicon-youtube\"><\/i><\/a><\/li><\/ul><\/div><\/div><div id=\"pgc-gb30-6a07a45ef26f6-0-1\"  class=\"panel-grid-cell panel-grid-cell-empty\" ><\/div><\/div><\/div>\n\n\n<p><\/p>","protected":false},"excerpt":{"rendered":"<p>Das Foxen Resort besteht aus 3 Ferienh\u00e4usern, die in sch\u00f6nster Lage am See Foxen in Schweden liegen. Vom Ferienhaus erreichen sie schnell das zu jedem Haus geh\u00f6rende Motorboot. Gehen Sie hiermit Angeln (Hecht und Barsch (oft von kapitaler Gr\u00f6\u00dfe) sind die h\u00e4ufigsten Raubfische in diesem Traumgew\u00e4sser) oder erkunden sie die atemberaubende Natur Schwedens vom Wasser [&hellip;]<\/p>","protected":false},"author":1,"featured_media":0,"parent":0,"menu_order":0,"comment_status":"closed","ping_status":"closed","template":"","meta":{"ngg_post_thumbnail":0,"footnotes":""},"class_list":["post-30","page","type-page","status-publish","hentry","post"],"_links":{"self":[{"href":"https:\/\/foxenresort.de\/en\/wp-json\/wp\/v2\/pages\/30","targetHints":{"allow":["GET"]}}],"collection":[{"href":"https:\/\/foxenresort.de\/en\/wp-json\/wp\/v2\/pages"}],"about":[{"href":"https:\/\/foxenresort.de\/en\/wp-json\/wp\/v2\/types\/page"}],"author":[{"embeddable":true,"href":"https:\/\/foxenresort.de\/en\/wp-json\/wp\/v2\/users\/1"}],"replies":[{"embeddable":true,"href":"https:\/\/foxenresort.de\/en\/wp-json\/wp\/v2\/comments?post=30"}],"version-history":[{"count":221,"href":"https:\/\/foxenresort.de\/en\/wp-json\/wp\/v2\/pages\/30\/revisions"}],"predecessor-version":[{"id":1635,"href":"https:\/\/foxenresort.de\/en\/wp-json\/wp\/v2\/pages\/30\/revisions\/1635"}],"wp:attachment":[{"href":"https:\/\/foxenresort.de\/en\/wp-json\/wp\/v2\/media?parent=30"}],"curies":[{"name":"wp","href":"https:\/\/api.w.org\/{rel}","templated":true}]}}