{"id":183,"date":"2020-09-28T22:56:09","date_gmt":"2020-09-28T22:56:09","guid":{"rendered":"http:\/\/foxenresort.de\/?page_id=183"},"modified":"2025-11-20T19:45:56","modified_gmt":"2025-11-20T19:45:56","slug":"kontakt-anfragen","status":"publish","type":"page","link":"https:\/\/foxenresort.de\/en\/kontakt-anfragen\/","title":{"rendered":"Contact\/Requests"},"content":{"rendered":"<p>For questions or bookings, please contact us:<\/p>\n\n\n\n<a href=\"mailto:springer@baranyai-finance.de?subject=Anfrage%20zu%20Ferienh\u00e4usern%20Foxen%20Resort&#038;body=Hallo,%0D%0A%0D%0Aich m\u00f6chte gerne eine Anfrage stellen.%0D%0A%0D%0AAnzahl%20Personen:%20___%0D%0AGew\u00fcnschter%20Zeitraum%20(Datum):%20___%0D%0AInteressiertes%20Ferienhaushaus:%20___%0D%0AInteressierte%20Zusatzleistungen:%20___%0D%0A%0D%0AViele%20Gr\u00fc\u00dfe,%0D%0A\" \nstyle=\"      display:inline-block;      padding:14px 24px;      background:#28a745;      color:white;      text-decoration:none;      border-radius:8px;      font-size:17px;      font-weight:600;      transition:0.3s;   \"\n   onmouseover=\"this.style.background='#1e7e34';\"\n   onmouseout=\"this.style.background='#28a745';\"\n> \n\ud83d\udc49 Anfrage per E-Mail\n<\/a>\n\n\n\n<p><strong>Sie k\u00f6nnen uns auch gerne unter folgender Email Adresse kontaktieren:<\/strong><\/p>\n\n\n\n<p><strong>springer@baranyai-finance.de<\/strong><\/p>\n\n\n\n<p>We are looking forward to your questions or bookings.<\/p>\n\n\n\n<p>Your Foxen Resort Team<\/p>\n\n\n\n<p><\/p>","protected":false},"excerpt":{"rendered":"<p>F\u00fcr Fragen oder Buchungen, kontaktieren Sie uns gerne: \ud83d\udc49 Anfrage per E-Mail Sie k\u00f6nnen uns auch gerne unter folgender Email Adresse kontaktieren: springer@baranyai-finance.de Wir freuen uns auf ihre Fragen oder Buchungen. Ihr Foxen Resort Team<\/p>","protected":false},"author":1,"featured_media":0,"parent":0,"menu_order":0,"comment_status":"closed","ping_status":"closed","template":"","meta":{"ngg_post_thumbnail":0,"footnotes":""},"class_list":["post-183","page","type-page","status-publish","hentry","post"],"_links":{"self":[{"href":"https:\/\/foxenresort.de\/en\/wp-json\/wp\/v2\/pages\/183","targetHints":{"allow":["GET"]}}],"collection":[{"href":"https:\/\/foxenresort.de\/en\/wp-json\/wp\/v2\/pages"}],"about":[{"href":"https:\/\/foxenresort.de\/en\/wp-json\/wp\/v2\/types\/page"}],"author":[{"embeddable":true,"href":"https:\/\/foxenresort.de\/en\/wp-json\/wp\/v2\/users\/1"}],"replies":[{"embeddable":true,"href":"https:\/\/foxenresort.de\/en\/wp-json\/wp\/v2\/comments?post=183"}],"version-history":[{"count":36,"href":"https:\/\/foxenresort.de\/en\/wp-json\/wp\/v2\/pages\/183\/revisions"}],"predecessor-version":[{"id":1628,"href":"https:\/\/foxenresort.de\/en\/wp-json\/wp\/v2\/pages\/183\/revisions\/1628"}],"wp:attachment":[{"href":"https:\/\/foxenresort.de\/en\/wp-json\/wp\/v2\/media?parent=183"}],"curies":[{"name":"wp","href":"https:\/\/api.w.org\/{rel}","templated":true}]}}